{"id":2,"date":"2021-09-12T18:25:32","date_gmt":"2021-09-12T18:25:32","guid":{"rendered":"https:\/\/caecilia-wernau.de\/?page_id=2"},"modified":"2023-11-08T06:15:37","modified_gmt":"2023-11-08T06:15:37","slug":"sample-page","status":"publish","type":"page","link":"https:\/\/caecilia-wernau.de\/","title":{"rendered":"Startseite"},"content":{"rendered":"<p><\/p>\n<p>Wir sind der Gesangverein C\u00e4cilia Wernau (Neckar) e.V. und bestehen aus drei Gruppierungen  <\/p>\n<p><\/p>\n<p><\/p>\n<p><a href=\"https:\/\/caecilia-wernau.de\/index.php\/die-maskengruppe\/\" data-type=\"page\" data-id=\"35\">die Maskengruppe <\/a>| <a href=\"https:\/\/caecilia-wernau.de\/index.php\/mann-o-mann\/\" data-type=\"URL\" data-id=\"https:\/\/caecilia-wernau.de\/index.php\/mann-o-mann\/\">Mann-o-Mann<\/a> | <a href=\"https:\/\/caecilia-wernau.de\/index.php\/der-maennerchor\/\" data-type=\"page\" data-id=\"39\">der Stammchor<\/a> <\/p>\n<p><\/p>\n<p><\/p>\n<p>1862 gr\u00fcndeten die ersten 13 S\u00e4nger den <strong>M\u00e4nnerchor <\/strong>des Gesangverein C\u00e4cilia Wernau (Neckar) e.V. <\/p>\n<p><\/p>\n<p><\/p>\n<p>Zur Zeit besteht der <strong>Stammchor<\/strong> aus 20 S\u00e4ngern.<\/p>\n<p><\/p>\n<p><\/p>\n<p>  &#8230;<\/p>\n<p><\/p>\n<p><\/p>\n<p>Im Herbst 1985 wurde aus S\u00e4ngern des Gesangvereins die <strong>Maskengruppe<\/strong> gegr\u00fcndet. Zun\u00e4chst war es nur das Waldm\u00e4nnchen. 1987 kamen die W\u00f6lfe hinzu. Heute besteht die Maskengruppe des GV C\u00e4cilia Wernau (Neckar) e.V. aus zwei Gruppierungen: Den Sulzhaum\u00e4nnchen und den W\u00f6lfen. Mit rund 50 aktiven H\u00e4str\u00e4gern und rund 30 passiven Mitgliedern ist die Maskengruppe die st\u00e4rkste Gruppierung innerhalb des Gesangvereins. Die Maskengruppe ist eine lebendige Gemeinschaft, die Jahr f\u00fcr Jahr das Brauchtum der schw\u00e4bisch-alemannischen Fasnacht feiert. Ob als Sulzhaum\u00e4nnle oder Wolf &#8211; auch bei den unterschiedlichsten Aktivit\u00e4ten zwischen der Kampagne ist immer etwas los &#8211; dabei kommt der Spa\u00df nicht zu kurz! Mit den lauten Glocken und dem Schreiruf sind sie auch nicht zu \u00fcberh\u00f6ren: Darauf drei kr\u00e4ftige SULZ HAU! SULZ HAU! SULZ HAU!<\/p>\n<p><\/p>\n<p><\/p>\n<p>  &#8230;<\/p>\n<p><\/p>\n<p><\/p>\n<p>2002 wurde der <strong>M\u00e4nnerchor Mann-o-Mann<\/strong> als dritte Gruppierung des Gesangverein C\u00e4cilia Wernau (Neckar) e.V. gegr\u00fcndet. Mittlerweile gibt es nun mehr 17 S\u00e4nger in ihren typischen roten Latzhosen.<\/p>\n<p><\/p>\n<p><\/p>\n<p>  &#8230;<\/p>\n<p><\/p>\n<p><\/p>\n<p>Auf unserer Homepage wollen wir einen Einblick in unser Vereinsleben und die unterschiedlichen Gruppierungen geben und laden ein, mehr \u00fcber uns als Gruppen zu erfahren. <\/p>\n<p><\/p>\n<p><\/p>\n<p>Unter den unterschiedlichen Gruppierungen findest Du diverse Informationen und kannst Dich \u00fcber jede Gruppierung individuell informieren.<\/p>\n<p><\/p>\n<p><\/p>\n<p>Unter <a href=\"https:\/\/caecilia-wernau.de\/index.php\/aktuelles\/\" data-type=\"page\" data-id=\"95\">Aktuelles<\/a> findest Du zu allen Gruppierungen die aktuellsten Themen und Aktivit\u00e4ten.<\/p>\n<p><\/p>\n<p><\/p>\n<p>  &#8230;<\/p>\n<p><\/p>\n<p><\/p>\n<p>Haben wir Dein Interesse geweckt, dann schau doch einfach bei uns vorbei oder sprich uns w\u00e4hrend der Kampagne oder Aktivit\u00e4ten einfach an. Und nat\u00fcrlich musst Du kein Wernauer sein, um bei uns dabei zu sein. <\/p>\n<p><\/p>\n<p><\/p>\n<p><strong>Wir freuen uns auf Dich!<\/strong><\/p>\n<p><\/p>\n<p><\/p>\n<p>  &#8230;<\/p>\n<p><\/p>\n<p><\/p>\n<p><\/p>\n<p><\/p>\n<p>  &#8230;<\/p>\n<p><\/p>\n<p><\/p>\n<p><\/p>\n<p><\/p>\n<p><\/p>\n<p><div class=\"cff-wrapper\">\t<div id=\"cff-visual-header-986431044782465\" class=\"cff-visual-header cff-has-name cff-has-about cff-has-cover\">\n\t\t\t\t\t\t<div class=\"cff-header-hero\" style=\"height: 150px\";>\n\t\t\t<img decoding=\"async\" src=\"https:\/\/scontent-fra3-2.xx.fbcdn.net\/v\/t39.30808-6\/482347109_1070420868457483_5455232174213329993_n.jpg?_nc_cat=104&#038;ccb=1-7&#038;_nc_sid=351699&#038;_nc_ohc=EslRqPAtLlsQ7kNvwGUc3Ia&#038;_nc_oc=Ado2h_hik6eU_MiDSlXkApPJnltnSNtJgu-7cCywqaA7ZwWLs5rWEMRfkGfGSw1nBYGjSK3FXnMkhVatB7foZuCS&#038;_nc_zt=23&#038;_nc_ht=scontent-fra3-2.xx&#038;edm=AJdBtusEAAAA&#038;_nc_gid=xKxJZeKMMVFfZKfPZZaOvA&#038;_nc_tpa=Q5bMBQEruy148p9b0lQHpRhQrX_w8AWTf7Sf2-6IfC2Od9w6wt0XbFr33JPVR-BZpDtK3Yr4wG3UMxK4bw&#038;oh=00_Af2bPnZxX4zd8di-9jfH6kdOPVzZ6v0JFF2eR9Yt19LtfQ&#038;oe=69EE6B57\" alt=\"Titelbild f\u00fcr Maskengruppe des GV C\u00e4cilia Wernau\" data-cover-url=\"https:\/\/scontent-fra3-2.xx.fbcdn.net\/v\/t39.30808-6\/482347109_1070420868457483_5455232174213329993_n.jpg?_nc_cat=104&#038;ccb=1-7&#038;_nc_sid=351699&#038;_nc_ohc=EslRqPAtLlsQ7kNvwGUc3Ia&#038;_nc_oc=Ado2h_hik6eU_MiDSlXkApPJnltnSNtJgu-7cCywqaA7ZwWLs5rWEMRfkGfGSw1nBYGjSK3FXnMkhVatB7foZuCS&#038;_nc_zt=23&#038;_nc_ht=scontent-fra3-2.xx&#038;edm=AJdBtusEAAAA&#038;_nc_gid=xKxJZeKMMVFfZKfPZZaOvA&#038;_nc_tpa=Q5bMBQEruy148p9b0lQHpRhQrX_w8AWTf7Sf2-6IfC2Od9w6wt0XbFr33JPVR-BZpDtK3Yr4wG3UMxK4bw&#038;oh=00_Af2bPnZxX4zd8di-9jfH6kdOPVzZ6v0JFF2eR9Yt19LtfQ&#038;oe=69EE6B57\">\n\t\t\t\t\t\t<div class=\"cff-likes-box\">\n\t\t\t\t<div class=\"cff-square-logo\"><svg aria-hidden=\"true\" focusable=\"false\" data-prefix=\"fab\" data-icon=\"facebook-square\" role=\"img\" xmlns=\"http:\/\/www.w3.org\/2000\/svg\" viewBox=\"0 0 448 512\" class=\"svg-inline--fa fa-facebook-square fa-w-14\"><path fill=\"currentColor\" d=\"M400 32H48A48 48 0 0 0 0 80v352a48 48 0 0 0 48 48h137.25V327.69h-63V256h63v-54.64c0-62.15 37-96.48 93.67-96.48 27.14 0 55.52 4.84 55.52 4.84v61h-31.27c-30.81 0-40.42 19.12-40.42 38.73V256h68.78l-11 71.69h-57.78V480H400a48 48 0 0 0 48-48V80a48 48 0 0 0-48-48z\" class=\"\"><\/path><\/svg><\/div>\n\t\t\t\t<div class=\"cff-likes-count\">\n\t\t\t\t\t698\t\t\t\t<\/div>\n\t\t\t<\/div>\n\t\t\t\t\t<\/div>\n\t\t\t\t<div class=\"cff-header-inner-wrap\">\n\t\t\t\t\t\t\t<div class=\"cff-header-img\">\n\t\t\t\t\t<a href=\"https:\/\/www.facebook.com\/986431044782465\" target=\"_blank\" rel=\"nofollow noopener\" title=\"Maskengruppe des GV C\u00e4cilia Wernau\"><img decoding=\"async\" src=\"https:\/\/scontent-fra3-1.xx.fbcdn.net\/v\/t39.30808-1\/361090988_672663798233194_5311242536649787637_n.png?stp=c0.24.720.720a_dst-png_s160x160&#038;_nc_cat=105&#038;ccb=1-7&#038;_nc_sid=08baa4&#038;_nc_ohc=acP5mVGyq_gQ7kNvwHXEkug&#038;_nc_oc=AdqOGKcjzmppjssLTriEXFwIfw3_ryqowYqdkMBSA5glpL4-zmph2YlbQhPHD4hLj5AVA0Wzdfz58hsG9nSoar6G&#038;_nc_zt=24&#038;_nc_ht=scontent-fra3-1.xx&#038;edm=AJdBtusEAAAA&#038;_nc_gid=xKxJZeKMMVFfZKfPZZaOvA&#038;_nc_tpa=Q5bMBQGUSvsO5ZPkTDlH7p7yqNn0Wiwh-jbRVE188oYiJHX6Cyv4_WLQJ21nkybrOrqKGfNHkyB9-W9o2Q&#038;oh=00_Af0jzn75hGH8iCjZvcEcJx52HOl5UD2EnMJY3Iwoy2hqKA&#038;oe=69EE826C\" alt=\"Maskengruppe des GV C\u00e4cilia Wernau\" data-avatar=\"https:\/\/scontent-fra3-1.xx.fbcdn.net\/v\/t39.30808-1\/361090988_672663798233194_5311242536649787637_n.png?stp=c0.24.720.720a_dst-png_s160x160&#038;_nc_cat=105&#038;ccb=1-7&#038;_nc_sid=08baa4&#038;_nc_ohc=acP5mVGyq_gQ7kNvwHXEkug&#038;_nc_oc=AdqOGKcjzmppjssLTriEXFwIfw3_ryqowYqdkMBSA5glpL4-zmph2YlbQhPHD4hLj5AVA0Wzdfz58hsG9nSoar6G&#038;_nc_zt=24&#038;_nc_ht=scontent-fra3-1.xx&#038;edm=AJdBtusEAAAA&#038;_nc_gid=xKxJZeKMMVFfZKfPZZaOvA&#038;_nc_tpa=Q5bMBQGUSvsO5ZPkTDlH7p7yqNn0Wiwh-jbRVE188oYiJHX6Cyv4_WLQJ21nkybrOrqKGfNHkyB9-W9o2Q&#038;oh=00_Af0jzn75hGH8iCjZvcEcJx52HOl5UD2EnMJY3Iwoy2hqKA&#038;oe=69EE826C\"><\/a>\n\t\t\t\t<\/div>\n\t\t\t\t\t\t<div class=\"cff-header-text\" >\n\n\t\t\t\t\t\t\t<a href=\"https:\/\/www.facebook.com\/986431044782465\" target=\"_blank\" rel=\"nofollow noopener\" title=\"Maskengruppe des GV C\u00e4cilia Wernau\" class=\"cff-header-name\"><h3 style=\"font-size:inheritpx;\">Maskengruppe des GV C\u00e4cilia Wernau<\/h3><\/a>\n\t\t\t\t\t\t\t\t\t\t\t\t\t<p class=\"cff-bio\">Wir die Maskengruppe sind eine Untergruppe des &quot;Gesangverein C\u00e4cilia Wernau (Neckar) e.V.&quot;<br>\nUnser H\u00e4s stellt ein Sulzhaum\u00e4nnle und ein Wolf dar.<\/p>\n\t\t\t\t\t\t<\/div>\n\t\t<\/div>\n\t<\/div>\n<div class=\"cff-wrapper-ctn \" ><div id=\"cff\"  class=\"cff cff-list-container cff-masonry masonry-2-tablet cff-masonry-js cff-default-styles  cff-mob-cols-1\"    data-char=\"400\" ><div class=\"cff-error-msg\">\n\t<div>\n\t\t<i class=\"fa fa-lock\" aria-hidden=\"true\" style=\"margin-right: 5px;\"><\/i><b>Diese Nachricht ist nur f\u00fcr Administratoren sichtbar.<\/b><br\/>\n\t\tProblem bei der Anzeige von Facebook-Beitr\u00e4gen.\t\t\t\t\t<br\/><a href=\"javascript:void(0);\" id=\"cff-show-error\" onclick=\"cffShowError()\">Klicken, um Fehler anzuzeigen<\/a>\n\t\t\t<script type=\"text\/javascript\">function cffShowError() { document.getElementById(\"cff-error-reason\").style.display = \"block\"; document.getElementById(\"cff-show-error\").style.display = \"none\"; }<\/script>\n\t\t\t<\/div>\n\t\t\t<div id=\"cff-error-reason\">\n\t\t\t\t\t\t\t\t\t\t\t\t\t\t\t\t\t\t\t\t\t\t\t\t\t\t\t\t\t\t\t\t\t<b>Fehler:<\/b> F\u00fcr diese Facebook-ID sind keine Beitr\u00e4ge verf\u00fcgbar\t\t\t\t\t\t\t\t\n\t\t\t<\/div>\n\t\t\t\t\n<\/div>\n<div class=\"cff-posts-wrap\"><\/div><input class=\"cff-pag-url\" type=\"hidden\" data-locatornonce=\"44000a68d4\" data-cff-shortcode=\"{&quot;feed&quot;: &quot;u00221u0022&quot;}\" data-post-id=\"2\" data-feed-id=\"986431044782465\"><\/div><\/div><div class=\"cff-clear\"><\/div>\n<div class=\"cff-likebox cff-outside cff-bottom\" >\n\t\t<iframe title=\"Likebox Iframe\" src=\"\" class=\"fb_iframe_widget\" data-likebox-id=\"986431044782465\" data-likebox-width=\"300\" data-likebox-header=\"\" data-hide-cover=\"\" data-hide-cta=\"\" data-likebox-faces=\"\" data-height=\"130\" data-locale=\"en_US\" scrolling=\"no\" allowTransparency=\"true\" allow=\"encrypted-media\" ><\/iframe>\n<\/div>\n<\/div><\/p>","protected":false},"excerpt":{"rendered":"<p>Wir sind der Gesangverein C\u00e4cilia Wernau (Neckar) e.V. und bestehen aus drei Gruppierungen die Maskengruppe | Mann-o-Mann | der Stammchor 1862 gr\u00fcndeten die ersten 13 S\u00e4nger den M\u00e4nnerchor des Gesangverein C\u00e4cilia Wernau (Neckar) e.V. Zur Zeit besteht der Stammchor aus 20 S\u00e4ngern. &#8230; Im Herbst 1985 wurde aus S\u00e4ngern des Gesangvereins die Maskengruppe gegr\u00fcndet. Zun\u00e4chst war es nur das Waldm\u00e4nnchen. 1987 kamen die W\u00f6lfe hinzu. Heute besteht die Maskengruppe des GV C\u00e4cilia Wernau (Neckar) e.V. aus zwei Gruppierungen: Den Sulzhaum\u00e4nnchen und den W\u00f6lfen. Mit rund 50 aktiven H\u00e4str\u00e4gern und rund 30 passiven Mitgliedern ist die Maskengruppe die st\u00e4rkste Gruppierung innerhalb des Gesangvereins. Die Maskengruppe ist eine lebendige Gemeinschaft, die Jahr f\u00fcr Jahr das Brauchtum der schw\u00e4bisch-alemannischen Fasnacht feiert. Ob als Sulzhaum\u00e4nnle oder Wolf &#8211; auch bei den unterschiedlichsten Aktivit\u00e4ten zwischen der Kampagne ist immer etwas los &#8211; dabei kommt der Spa\u00df nicht zu kurz! Mit den lauten Glocken und dem Schreiruf sind sie auch nicht zu \u00fcberh\u00f6ren: Darauf drei kr\u00e4ftige SULZ HAU! SULZ HAU! SULZ HAU! &#8230; 2002 wurde der M\u00e4nnerchor Mann-o-Mann als dritte Gruppierung des Gesangverein C\u00e4cilia Wernau (Neckar) e.V. gegr\u00fcndet. Mittlerweile gibt es nun mehr 17 S\u00e4nger in ihren typischen roten Latzhosen. &#8230; Auf unserer Homepage wollen wir einen Einblick in unser Vereinsleben und die unterschiedlichen Gruppierungen geben und laden ein, mehr \u00fcber uns als Gruppen zu erfahren. Unter den unterschiedlichen Gruppierungen findest Du diverse Informationen und kannst Dich \u00fcber jede Gruppierung individuell informieren. Unter Aktuelles findest Du zu allen Gruppierungen die aktuellsten Themen und Aktivit\u00e4ten. &#8230; Haben wir Dein Interesse geweckt, dann schau doch einfach bei uns vorbei oder sprich uns w\u00e4hrend der Kampagne oder Aktivit\u00e4ten einfach an. Und nat\u00fcrlich musst Du kein Wernauer sein, um bei uns dabei zu sein. Wir freuen uns auf Dich! &#8230; &#8230;<\/p>\n","protected":false},"author":1,"featured_media":0,"parent":0,"menu_order":0,"comment_status":"closed","ping_status":"closed","template":"","meta":{"footnotes":""},"class_list":["post-2","page","type-page","status-publish","hentry"],"_links":{"self":[{"href":"https:\/\/caecilia-wernau.de\/index.php\/wp-json\/wp\/v2\/pages\/2","targetHints":{"allow":["GET"]}}],"collection":[{"href":"https:\/\/caecilia-wernau.de\/index.php\/wp-json\/wp\/v2\/pages"}],"about":[{"href":"https:\/\/caecilia-wernau.de\/index.php\/wp-json\/wp\/v2\/types\/page"}],"author":[{"embeddable":true,"href":"https:\/\/caecilia-wernau.de\/index.php\/wp-json\/wp\/v2\/users\/1"}],"replies":[{"embeddable":true,"href":"https:\/\/caecilia-wernau.de\/index.php\/wp-json\/wp\/v2\/comments?post=2"}],"version-history":[{"count":22,"href":"https:\/\/caecilia-wernau.de\/index.php\/wp-json\/wp\/v2\/pages\/2\/revisions"}],"predecessor-version":[{"id":561,"href":"https:\/\/caecilia-wernau.de\/index.php\/wp-json\/wp\/v2\/pages\/2\/revisions\/561"}],"wp:attachment":[{"href":"https:\/\/caecilia-wernau.de\/index.php\/wp-json\/wp\/v2\/media?parent=2"}],"curies":[{"name":"wp","href":"https:\/\/api.w.org\/{rel}","templated":true}]}}