{"id":42,"date":"2021-09-12T22:10:38","date_gmt":"2021-09-12T22:10:38","guid":{"rendered":"https:\/\/caecilia-wernau.de\/?page_id=42"},"modified":"2024-11-13T11:03:51","modified_gmt":"2024-11-13T11:03:51","slug":"mann-o-mann","status":"publish","type":"page","link":"https:\/\/caecilia-wernau.de\/index.php\/mann-o-mann\/","title":{"rendered":"Texas ruft \u2013 Deine Stimme fehlt"},"content":{"rendered":"\t\t<div data-elementor-type=\"wp-page\" data-elementor-id=\"42\" class=\"elementor elementor-42\">\n\t\t\t\t\t\t<section class=\"elementor-section elementor-top-section elementor-element elementor-element-8f6a9fb elementor-section-boxed elementor-section-height-default elementor-section-height-default wpr-particle-no wpr-jarallax-no wpr-parallax-no wpr-sticky-section-no wpr-equal-height-no\" data-id=\"8f6a9fb\" data-element_type=\"section\" data-e-type=\"section\">\n\t\t\t\t\t\t<div class=\"elementor-container elementor-column-gap-default\">\n\t\t\t\t\t<div class=\"elementor-column elementor-col-100 elementor-top-column elementor-element elementor-element-6e9445fe\" data-id=\"6e9445fe\" data-element_type=\"column\" data-e-type=\"column\">\n\t\t\t<div class=\"elementor-widget-wrap elementor-element-populated\">\n\t\t\t\t\t\t<div class=\"elementor-element elementor-element-8fee5cd elementor-widget elementor-widget-text-editor\" data-id=\"8fee5cd\" data-element_type=\"widget\" data-e-type=\"widget\" data-widget_type=\"text-editor.default\">\n\t\t\t\t<div class=\"elementor-widget-container\">\n\t\t\t\t\t\t\t\t\t<p><!-- \/wp:paragraph --><\/p>\n<p><!-- wp:image {\"id\":578,\"sizeSlug\":\"large\",\"linkDestination\":\"none\"} --><\/p>\n<figure class=\"wp-block-image size-large\"><img fetchpriority=\"high\" decoding=\"async\" width=\"1024\" height=\"423\" class=\"wp-image-578\" src=\"https:\/\/caecilia-wernau.de\/wp-content\/uploads\/2024\/11\/header_banner-1024x423.jpg\" alt=\"\" srcset=\"https:\/\/caecilia-wernau.de\/wp-content\/uploads\/2024\/11\/header_banner-1024x423.jpg 1024w, https:\/\/caecilia-wernau.de\/wp-content\/uploads\/2024\/11\/header_banner-300x124.jpg 300w, https:\/\/caecilia-wernau.de\/wp-content\/uploads\/2024\/11\/header_banner-768x317.jpg 768w, https:\/\/caecilia-wernau.de\/wp-content\/uploads\/2024\/11\/header_banner-1536x634.jpg 1536w, https:\/\/caecilia-wernau.de\/wp-content\/uploads\/2024\/11\/header_banner-1140x470.jpg 1140w, https:\/\/caecilia-wernau.de\/wp-content\/uploads\/2024\/11\/header_banner.jpg 1551w\" sizes=\"(max-width: 1024px) 100vw, 1024px\" \/><\/figure>\n<p><!-- \/wp:image --><\/p>\n<p><!-- wp:paragraph --><\/p>\n<p><!-- \/wp:paragraph --><\/p>\n<p><!-- wp:paragraph --><\/p>\n<p><strong>Der M\u00e4nnerchor mannomann plant eine unvergessliche Reise nach Texas und sucht daf\u00fcr erfahrene S\u00e4nger, die unser musikalisches Abenteuer bereichern m\u00f6chten. Vom 1. bis 10. September 2025 geht es zu Auftritten in Houston, Austin und San Antonio \u2013 eine einzigartige Gelegenheit, unsere Musik international zu pr\u00e4sentieren und die deutsch-amerikanische Freundschaft zu st\u00e4rken.<\/strong><\/p>\n<p><!-- \/wp:paragraph --><\/p>\n<p><!-- wp:paragraph --><\/p>\n<p>Wenn du dich mit unserem Repertoire an Schlagern, Rock, Pop und traditionellen Weisen verbunden f\u00fchlst und die Herausforderung einer internationalen B\u00fchne suchst, melde dich bei uns! Unsere <strong>Proben finden mittwochs von 20:00 bis 21:30 Uhr<\/strong> statt, und wir freuen uns immer \u00fcber musikalische M\u00e4nner, die unsere Gemeinschaft verst\u00e4rken.<\/p>\n<p><!-- \/wp:paragraph --><\/p>\n<p><!-- wp:paragraph --><\/p>\n<p><strong>Interessiert?<\/strong> Dann melde dich bei Axel Schambier unter <strong>+49 1523 4009156<\/strong> oder per E-Mail <br>an <a href=\"mailto:gl-mannomann@caecilia-wernau.de\"><strong>gl-mannomann@caecilia-wernau.de<\/strong><\/a> und werde Teil dieser einzigartigen Reise!<\/p>\n<p><!-- \/wp:paragraph --><\/p>\n<p><!-- wp:paragraph --><\/p>\n<p><a href=\"https:\/\/caecilia-wernau.de\/wp-content\/uploads\/2024\/11\/Flyer-manoman.pdf\" target=\"_blank\" rel=\"noopener\">Weitere Infos findest Du in diesem Flyer<\/a><img decoding=\"async\" class=\"wp-image-577\" style=\"width: NaNpx;\" src=\"https:\/\/caecilia-wernau.de\/wp-content\/uploads\/2024\/11\/Flyer-manoman-1.pdf\" alt=\"\"><\/p>\n<p><!-- \/wp:paragraph --><\/p>\n<p><!-- wp:separator --><\/p>\n<div>&nbsp;<\/div>\n<hr class=\"wp-block-separator has-alpha-channel-opacity\">\n<p><!-- \/wp:separator --><\/p>\n<p><!-- wp:paragraph --><\/p>\n<p><strong><br>\u00dcber Mann o Mann:<br>In den Anfangszeiten 2002 als Projektchor der C\u00e4cilia gegr\u00fcndet, wurde Mann o Mann nur zwei Jahre sp\u00e4ter (2004) ein fester Bestandteil in der Vereinsstruktur der C\u00e4cilia Wernau.<\/strong><\/p>\n<p><!-- \/wp:paragraph --><\/p>\n<p><!-- wp:paragraph --><\/p>\n<p><strong>Mit 17 S\u00e4ngern aus Wernau und Umgebung probt der Chor jede Woche unter Ihrem Dirigenten Andreas Baumann, der vom Start weg dabei war.&nbsp;<\/strong><\/p>\n<p><!-- \/wp:paragraph --><\/p>\n<p><!-- wp:paragraph --><\/p>\n<p><strong>Andreas arrangiert die deutschsprachigen Lieder passend f\u00fcr den Chor. Neben Schlagern und alpenl\u00e4ndischen Weisen widmet sich der Chor auch dem Rock und Popbereich. Bei besonderen kirchlichen Anl\u00e4ssen singt der Chor auch Spirituals und Gospels in englischer Sprache. MOM singt ohne Notenblatt und nutzt so die M\u00f6glichkeit \u00fcber Choreografie und direktem Bezug zum Publikum seine Auftritte lebendig zu gestalten. Man merkt dem Chor, seit 2009 in den roten Latzhosen, seinen Spa\u00df am Singen an. Die gute Laune, die der Chor ausstrahlt, \u00fcbertr\u00e4gt sich schon mit dem ersten Lied auf das Publikum.&nbsp;<\/strong><\/p>\n<p><!-- \/wp:paragraph --><\/p>\n<p><!-- wp:paragraph --><\/p>\n<p><strong>Lassen auch Sie sich beim n\u00e4chsten Auftritt von MOM musikalisch mitrei\u00dfen.<\/strong><\/p>\n<p><!-- \/wp:paragraph --><\/p>\n<p><!-- wp:gallery {\"linkTo\":\"none\"} --><\/p>\n<figure class=\"wp-block-gallery has-nested-images columns-default is-cropped\"><!-- wp:image {\"id\":237,\"sizeSlug\":\"large\",\"linkDestination\":\"none\"} --><p><\/p>\n<figure class=\"wp-block-image size-large\"><img decoding=\"async\" width=\"1024\" height=\"680\" class=\"wp-image-237\" src=\"https:\/\/caecilia-wernau.de\/wp-content\/uploads\/2021\/10\/2018-Gruppenfoto-MOM-6-1024x680.jpg\" alt=\"\" srcset=\"https:\/\/caecilia-wernau.de\/wp-content\/uploads\/2021\/10\/2018-Gruppenfoto-MOM-6-1024x680.jpg 1024w, https:\/\/caecilia-wernau.de\/wp-content\/uploads\/2021\/10\/2018-Gruppenfoto-MOM-6-300x199.jpg 300w, https:\/\/caecilia-wernau.de\/wp-content\/uploads\/2021\/10\/2018-Gruppenfoto-MOM-6-768x510.jpg 768w, https:\/\/caecilia-wernau.de\/wp-content\/uploads\/2021\/10\/2018-Gruppenfoto-MOM-6-1536x1020.jpg 1536w, https:\/\/caecilia-wernau.de\/wp-content\/uploads\/2021\/10\/2018-Gruppenfoto-MOM-6-2048x1360.jpg 2048w, https:\/\/caecilia-wernau.de\/wp-content\/uploads\/2021\/10\/2018-Gruppenfoto-MOM-6-1140x757.jpg 1140w\" sizes=\"(max-width: 1024px) 100vw, 1024px\" \/><\/figure>\n<p><!-- \/wp:image --><\/p>\n<p><!-- wp:image {\"id\":238,\"sizeSlug\":\"large\",\"linkDestination\":\"none\"} --><\/p>\n<figure class=\"wp-block-image size-large\"><img decoding=\"async\" width=\"1024\" height=\"678\" class=\"wp-image-238\" src=\"https:\/\/caecilia-wernau.de\/wp-content\/uploads\/2021\/10\/EDI_5038_1-1024x678.jpg\" alt=\"\" srcset=\"https:\/\/caecilia-wernau.de\/wp-content\/uploads\/2021\/10\/EDI_5038_1-1024x678.jpg 1024w, https:\/\/caecilia-wernau.de\/wp-content\/uploads\/2021\/10\/EDI_5038_1-300x199.jpg 300w, https:\/\/caecilia-wernau.de\/wp-content\/uploads\/2021\/10\/EDI_5038_1-768x509.jpg 768w, https:\/\/caecilia-wernau.de\/wp-content\/uploads\/2021\/10\/EDI_5038_1-1536x1017.jpg 1536w, https:\/\/caecilia-wernau.de\/wp-content\/uploads\/2021\/10\/EDI_5038_1-2048x1356.jpg 2048w, https:\/\/caecilia-wernau.de\/wp-content\/uploads\/2021\/10\/EDI_5038_1-1140x755.jpg 1140w, https:\/\/caecilia-wernau.de\/wp-content\/uploads\/2021\/10\/EDI_5038_1-500x330.jpg 500w\" sizes=\"(max-width: 1024px) 100vw, 1024px\" \/><\/figure>\n<p><!-- \/wp:image --><\/p>\n<p><!-- wp:image {\"id\":239,\"sizeSlug\":\"large\",\"linkDestination\":\"none\"} --><\/p>\n<figure class=\"wp-block-image size-large\"><img loading=\"lazy\" decoding=\"async\" width=\"1024\" height=\"683\" class=\"wp-image-239\" src=\"https:\/\/caecilia-wernau.de\/wp-content\/uploads\/2021\/10\/Giengen-2019-1024x683.jpg\" alt=\"\" srcset=\"https:\/\/caecilia-wernau.de\/wp-content\/uploads\/2021\/10\/Giengen-2019-1024x683.jpg 1024w, https:\/\/caecilia-wernau.de\/wp-content\/uploads\/2021\/10\/Giengen-2019-300x200.jpg 300w, https:\/\/caecilia-wernau.de\/wp-content\/uploads\/2021\/10\/Giengen-2019-768x512.jpg 768w, https:\/\/caecilia-wernau.de\/wp-content\/uploads\/2021\/10\/Giengen-2019-1536x1024.jpg 1536w, https:\/\/caecilia-wernau.de\/wp-content\/uploads\/2021\/10\/Giengen-2019-2048x1365.jpg 2048w, https:\/\/caecilia-wernau.de\/wp-content\/uploads\/2021\/10\/Giengen-2019-1140x760.jpg 1140w\" sizes=\"(max-width: 1024px) 100vw, 1024px\" \/><\/figure>\n<p><!-- \/wp:image --><\/p>\n<p><!-- wp:image {\"id\":241,\"sizeSlug\":\"large\",\"linkDestination\":\"none\"} --><\/p>\n<figure class=\"wp-block-image size-large\"><img loading=\"lazy\" decoding=\"async\" width=\"1024\" height=\"576\" class=\"wp-image-241\" src=\"https:\/\/caecilia-wernau.de\/wp-content\/uploads\/2021\/10\/Koengen-2019-1024x576.jpg\" alt=\"\" srcset=\"https:\/\/caecilia-wernau.de\/wp-content\/uploads\/2021\/10\/Koengen-2019-1024x576.jpg 1024w, https:\/\/caecilia-wernau.de\/wp-content\/uploads\/2021\/10\/Koengen-2019-300x169.jpg 300w, https:\/\/caecilia-wernau.de\/wp-content\/uploads\/2021\/10\/Koengen-2019-768x432.jpg 768w, https:\/\/caecilia-wernau.de\/wp-content\/uploads\/2021\/10\/Koengen-2019-1536x864.jpg 1536w, https:\/\/caecilia-wernau.de\/wp-content\/uploads\/2021\/10\/Koengen-2019-2048x1152.jpg 2048w, https:\/\/caecilia-wernau.de\/wp-content\/uploads\/2021\/10\/Koengen-2019-1140x641.jpg 1140w\" sizes=\"(max-width: 1024px) 100vw, 1024px\" \/><\/figure>\n<p><!-- \/wp:image --><\/p>\n<\/figure>\n<p><!-- \/wp:gallery --><\/p>\n<p><!-- wp:paragraph --><\/p>\n<p><!-- \/wp:paragraph --><\/p>\n<div>&nbsp;<\/div>\n<div>&nbsp;<\/div>\t\t\t\t\t\t\t\t<\/div>\n\t\t\t\t<\/div>\n\t\t\t\t\t<\/div>\n\t\t<\/div>\n\t\t\t\t\t<\/div>\n\t\t<\/section>\n\t\t\t\t<\/div>\n\t\t","protected":false},"excerpt":{"rendered":"<p>Der M\u00e4nnerchor mannomann plant eine unvergessliche Reise nach Texas und sucht daf\u00fcr erfahrene S\u00e4nger, die unser musikalisches Abenteuer bereichern m\u00f6chten. Vom 1. bis 10. September 2025 geht es zu Auftritten in Houston, Austin und San Antonio \u2013 eine einzigartige Gelegenheit, unsere Musik international zu pr\u00e4sentieren und die deutsch-amerikanische Freundschaft zu st\u00e4rken. Wenn du dich mit unserem Repertoire an Schlagern, Rock, Pop und traditionellen Weisen verbunden f\u00fchlst und die Herausforderung einer internationalen B\u00fchne suchst, melde dich bei uns! Unsere Proben finden mittwochs von 20:00 bis 21:30 Uhr statt, und wir freuen uns immer \u00fcber musikalische M\u00e4nner, die unsere Gemeinschaft verst\u00e4rken. Interessiert? Dann melde dich bei Axel Schambier unter +49 1523 4009156 oder per E-Mail an gl-mannomann@caecilia-wernau.de und werde Teil dieser einzigartigen Reise! Weitere Infos findest Du in diesem Flyer &nbsp; \u00dcber Mann o Mann:In den Anfangszeiten 2002 als Projektchor der C\u00e4cilia gegr\u00fcndet, wurde Mann o Mann nur zwei Jahre sp\u00e4ter (2004) ein fester Bestandteil in der Vereinsstruktur der C\u00e4cilia Wernau. Mit 17 S\u00e4ngern aus Wernau und Umgebung probt der Chor jede Woche unter Ihrem Dirigenten Andreas Baumann, der vom Start weg dabei war.&nbsp; Andreas arrangiert die deutschsprachigen Lieder passend f\u00fcr den Chor. Neben Schlagern und alpenl\u00e4ndischen Weisen widmet sich der Chor auch dem Rock und Popbereich. Bei besonderen kirchlichen Anl\u00e4ssen singt der Chor auch Spirituals und Gospels in englischer Sprache. MOM singt ohne Notenblatt und nutzt so die M\u00f6glichkeit \u00fcber Choreografie und direktem Bezug zum Publikum seine Auftritte lebendig zu gestalten. Man merkt dem Chor, seit 2009 in den roten Latzhosen, seinen Spa\u00df am Singen an. Die gute Laune, die der Chor ausstrahlt, \u00fcbertr\u00e4gt sich schon mit dem ersten Lied auf das Publikum.&nbsp; Lassen auch Sie sich beim n\u00e4chsten Auftritt von MOM musikalisch mitrei\u00dfen. &nbsp; &nbsp;<\/p>\n","protected":false},"author":1,"featured_media":54,"parent":0,"menu_order":0,"comment_status":"closed","ping_status":"closed","template":"","meta":{"footnotes":""},"class_list":["post-42","page","type-page","status-publish","has-post-thumbnail","hentry"],"_links":{"self":[{"href":"https:\/\/caecilia-wernau.de\/index.php\/wp-json\/wp\/v2\/pages\/42","targetHints":{"allow":["GET"]}}],"collection":[{"href":"https:\/\/caecilia-wernau.de\/index.php\/wp-json\/wp\/v2\/pages"}],"about":[{"href":"https:\/\/caecilia-wernau.de\/index.php\/wp-json\/wp\/v2\/types\/page"}],"author":[{"embeddable":true,"href":"https:\/\/caecilia-wernau.de\/index.php\/wp-json\/wp\/v2\/users\/1"}],"replies":[{"embeddable":true,"href":"https:\/\/caecilia-wernau.de\/index.php\/wp-json\/wp\/v2\/comments?post=42"}],"version-history":[{"count":29,"href":"https:\/\/caecilia-wernau.de\/index.php\/wp-json\/wp\/v2\/pages\/42\/revisions"}],"predecessor-version":[{"id":601,"href":"https:\/\/caecilia-wernau.de\/index.php\/wp-json\/wp\/v2\/pages\/42\/revisions\/601"}],"wp:featuredmedia":[{"embeddable":true,"href":"https:\/\/caecilia-wernau.de\/index.php\/wp-json\/wp\/v2\/media\/54"}],"wp:attachment":[{"href":"https:\/\/caecilia-wernau.de\/index.php\/wp-json\/wp\/v2\/media?parent=42"}],"curies":[{"name":"wp","href":"https:\/\/api.w.org\/{rel}","templated":true}]}}