{"id":448,"date":"2023-03-06T07:57:25","date_gmt":"2023-03-06T07:57:25","guid":{"rendered":"https:\/\/caecilia-wernau.de\/?page_id=448"},"modified":"2023-04-21T07:48:54","modified_gmt":"2023-04-21T07:48:54","slug":"vermietung-vereinsheim","status":"publish","type":"page","link":"https:\/\/caecilia-wernau.de\/index.php\/vermietung-vereinsheim\/","title":{"rendered":"Vermietung Vereinsheim"},"content":{"rendered":"\n<p><\/p>\n\n\n\n<p class=\"has-text-align-center\">Vielen Dank f\u00fcr Ihr Interesse an unserem Vereinsheim. <\/p>\n\n\n\n<p><\/p>\n\n\n<div class=\"wp-block-image\">\n<figure class=\"aligncenter size-large is-resized\"><img fetchpriority=\"high\" decoding=\"async\" src=\"https:\/\/caecilia-wernau.de\/wp-content\/uploads\/2022\/11\/6-768x1024.jpg\" alt=\"\" class=\"wp-image-368\" width=\"246\" height=\"328\" srcset=\"https:\/\/caecilia-wernau.de\/wp-content\/uploads\/2022\/11\/6-768x1024.jpg 768w, https:\/\/caecilia-wernau.de\/wp-content\/uploads\/2022\/11\/6-225x300.jpg 225w, https:\/\/caecilia-wernau.de\/wp-content\/uploads\/2022\/11\/6.jpg 1138w\" sizes=\"(max-width: 246px) 100vw, 246px\" \/><\/figure>\n<\/div>\n\n\n<p><\/p>\n\n\n\n<p class=\"has-text-align-center\">F\u00fcr n\u00e4here Informationen k\u00f6nnen Sie sich direkt per E-Mail an uns wenden.<br><\/p>\n\n\n\n<p class=\"has-text-align-center\"><\/p>\n\n\n\n<p class=\"has-text-align-center\"><strong>Hinweis f\u00fcr nicht Mitglieder:<\/strong><\/p>\n\n\n\n<p class=\"has-text-align-center\"><em>Voraussetzung f\u00fcr eine Anmietung des Vereinsheims, ist die Anwesenheit eines Vereinsmitglieds \u00fcber den gesamten Veranstaltungszeitraum.<\/em><\/p>\n\n\n\n<p class=\"has-text-align-center\"><em>Bitte geben Sie bei Ihrer Anfrage den Namen des entsprechenden Vereinsmitgliedes an.<\/em><\/p>\n\n\n\n<p class=\"has-text-align-center\">E-Mail: <a href=\"mailto:vermietung@caecilia-wernau.de\">vermietung@caecilia-wernau.de<\/a><\/p>\n\n\n\n<p><\/p>\n","protected":false},"excerpt":{"rendered":"<p>Vielen Dank f\u00fcr Ihr Interesse an unserem Vereinsheim. F\u00fcr n\u00e4here Informationen k\u00f6nnen Sie sich direkt per E-Mail an uns wenden. Hinweis f\u00fcr nicht Mitglieder: Voraussetzung f\u00fcr eine Anmietung des Vereinsheims, ist die Anwesenheit eines Vereinsmitglieds \u00fcber den gesamten Veranstaltungszeitraum. Bitte geben Sie bei Ihrer Anfrage den Namen des entsprechenden Vereinsmitgliedes an. E-Mail: vermietung@caecilia-wernau.de<\/p>\n","protected":false},"author":1,"featured_media":0,"parent":0,"menu_order":0,"comment_status":"closed","ping_status":"closed","template":"","meta":{"footnotes":""},"class_list":["post-448","page","type-page","status-publish","hentry"],"_links":{"self":[{"href":"https:\/\/caecilia-wernau.de\/index.php\/wp-json\/wp\/v2\/pages\/448","targetHints":{"allow":["GET"]}}],"collection":[{"href":"https:\/\/caecilia-wernau.de\/index.php\/wp-json\/wp\/v2\/pages"}],"about":[{"href":"https:\/\/caecilia-wernau.de\/index.php\/wp-json\/wp\/v2\/types\/page"}],"author":[{"embeddable":true,"href":"https:\/\/caecilia-wernau.de\/index.php\/wp-json\/wp\/v2\/users\/1"}],"replies":[{"embeddable":true,"href":"https:\/\/caecilia-wernau.de\/index.php\/wp-json\/wp\/v2\/comments?post=448"}],"version-history":[{"count":7,"href":"https:\/\/caecilia-wernau.de\/index.php\/wp-json\/wp\/v2\/pages\/448\/revisions"}],"predecessor-version":[{"id":521,"href":"https:\/\/caecilia-wernau.de\/index.php\/wp-json\/wp\/v2\/pages\/448\/revisions\/521"}],"wp:attachment":[{"href":"https:\/\/caecilia-wernau.de\/index.php\/wp-json\/wp\/v2\/media?parent=448"}],"curies":[{"name":"wp","href":"https:\/\/api.w.org\/{rel}","templated":true}]}}