{"id":59,"date":"2021-09-19T18:58:44","date_gmt":"2021-09-19T18:58:44","guid":{"rendered":"https:\/\/caecilia-wernau.de\/?page_id=59"},"modified":"2023-01-17T18:36:55","modified_gmt":"2023-01-17T18:36:55","slug":"der-vorstand","status":"publish","type":"page","link":"https:\/\/caecilia-wernau.de\/index.php\/der-vorstand\/","title":{"rendered":"Die Vorstandschaft der Maskengruppe"},"content":{"rendered":"\n<div class=\"wp-block-columns is-layout-flex wp-container-core-columns-is-layout-28f84493 wp-block-columns-is-layout-flex\">\n<div class=\"wp-block-column is-layout-flow wp-block-column-is-layout-flow\"><div class=\"wp-block-image\">\n<figure class=\"aligncenter size-large is-resized\"><img fetchpriority=\"high\" decoding=\"async\" src=\"https:\/\/caecilia-wernau.de\/wp-content\/uploads\/2021\/09\/Benny-768x1024.jpg\" alt=\"\" class=\"wp-image-127\" width=\"296\" height=\"394\" srcset=\"https:\/\/caecilia-wernau.de\/wp-content\/uploads\/2021\/09\/Benny-768x1024.jpg 768w, https:\/\/caecilia-wernau.de\/wp-content\/uploads\/2021\/09\/Benny-225x300.jpg 225w, https:\/\/caecilia-wernau.de\/wp-content\/uploads\/2021\/09\/Benny-1152x1536.jpg 1152w, https:\/\/caecilia-wernau.de\/wp-content\/uploads\/2021\/09\/Benny-1140x1520.jpg 1140w, https:\/\/caecilia-wernau.de\/wp-content\/uploads\/2021\/09\/Benny.jpg 1200w\" sizes=\"(max-width: 296px) 100vw, 296px\" \/><\/figure>\n<\/div>\n\n\n<h3 class=\"has-text-align-center wp-block-heading\">Gruppensprecher<br>-Benjamin Schulz-<\/h3>\n\n\n\n<p><\/p>\n\n\n\n<p class=\"has-text-align-center\">Ich bin ein:<\/p>\n\n\n\n<p class=\"has-text-align-center\">&#8211;<strong>Wolf-<\/strong><\/p>\n\n\n\n<p class=\"has-text-align-center\">In der Maskengruppe bin ich seit:<\/p>\n\n\n\n<p class=\"has-text-align-center\">&#8211;<strong>2013-<\/strong><\/p>\n\n\n\n<p class=\"has-text-align-center\">Im Vorstand der Maskengruppe bin ich seit:<\/p>\n\n\n\n<p class=\"has-text-align-center\">&#8211;<strong>2021-<\/strong><\/p>\n\n\n\n<p class=\"has-text-align-center\">Ich bin Mitglied der Maskengruppe, weil:<\/p>\n\n\n\n<p class=\"has-text-align-center\"><strong>Mich das famili\u00e4re miteinander von Anfang an beeindruckt hat, man hat ein spannendes Vereinsleben&#8230; vom Spa\u00df an der Fasnet im H\u00e4s und Schabernack bis hinzu diversen Aufgaben im Vereinsleben, wie z.B. Mitwirken am Sommer- oder Maifest.<\/strong><\/p>\n<\/div>\n\n\n\n<div class=\"wp-block-column is-layout-flow wp-block-column-is-layout-flow\"><div class=\"wp-block-image\">\n<figure class=\"aligncenter size-large is-resized\"><img decoding=\"async\" src=\"https:\/\/caecilia-wernau.de\/wp-content\/uploads\/2023\/01\/6.2jpg-786x1024.jpg\" alt=\"\" class=\"wp-image-428\" width=\"302\" height=\"393\" srcset=\"https:\/\/caecilia-wernau.de\/wp-content\/uploads\/2023\/01\/6.2jpg-786x1024.jpg 786w, https:\/\/caecilia-wernau.de\/wp-content\/uploads\/2023\/01\/6.2jpg-230x300.jpg 230w, https:\/\/caecilia-wernau.de\/wp-content\/uploads\/2023\/01\/6.2jpg-768x1000.jpg 768w, https:\/\/caecilia-wernau.de\/wp-content\/uploads\/2023\/01\/6.2jpg-1180x1536.jpg 1180w, https:\/\/caecilia-wernau.de\/wp-content\/uploads\/2023\/01\/6.2jpg-1573x2048.jpg 1573w, https:\/\/caecilia-wernau.de\/wp-content\/uploads\/2023\/01\/6.2jpg-1140x1485.jpg 1140w, https:\/\/caecilia-wernau.de\/wp-content\/uploads\/2023\/01\/6.2jpg-scaled.jpg 1966w\" sizes=\"(max-width: 302px) 100vw, 302px\" \/><\/figure>\n<\/div>\n\n\n<h3 class=\"has-text-align-center wp-block-heading\">Kassiererin<br>-Sandra Hoyler-<\/h3>\n\n\n\n<p class=\"has-text-align-center\"><\/p>\n\n\n\n<p class=\"has-text-align-center\">Ich bin ein:<\/p>\n\n\n\n<p class=\"has-text-align-center\">&#8211;<strong>Wolf-<\/strong><\/p>\n\n\n\n<p class=\"has-text-align-center\">In der Maskengruppe bin ich seit:<\/p>\n\n\n\n<p class=\"has-text-align-center\">&#8211;<strong>2019-<\/strong><\/p>\n\n\n\n<p class=\"has-text-align-center\">Im Vorstand der Maskengruppe bin ich seit:<\/p>\n\n\n\n<p class=\"has-text-align-center\">&#8211;<strong>2022-<\/strong><\/p>\n\n\n\n<p class=\"has-text-align-center\">Ich bin Mitglied der Maskengruppe weil:<\/p>\n\n\n\n<p class=\"has-text-align-center\"><strong>Ich ab der ersten Begegnung mit der Gruppe beeindruckt war! Die Freude am Miteinander, sei es das gemeinsame Feiern aber auch der Zusammenhalt unter dem Jahr und auch in der 5. Jahreszeit ist es ein geschlossener und herzlicher Haufen, wo jeder aufeinander aufpasst, miteinander feiert und a scheene Zeit gmeinsam hodd<\/strong><\/p>\n<\/div>\n<\/div>\n\n\n\n<div class=\"wp-block-columns is-layout-flex wp-container-core-columns-is-layout-28f84493 wp-block-columns-is-layout-flex\">\n<div class=\"wp-block-column is-layout-flow wp-block-column-is-layout-flow\"><div class=\"wp-block-image\">\n<figure class=\"aligncenter size-full\"><img decoding=\"async\" width=\"400\" height=\"400\" src=\"https:\/\/caecilia-wernau.de\/wp-content\/uploads\/2021\/09\/Tevin-Harris.jpg\" alt=\"\" class=\"wp-image-121\" srcset=\"https:\/\/caecilia-wernau.de\/wp-content\/uploads\/2021\/09\/Tevin-Harris.jpg 400w, https:\/\/caecilia-wernau.de\/wp-content\/uploads\/2021\/09\/Tevin-Harris-300x300.jpg 300w, https:\/\/caecilia-wernau.de\/wp-content\/uploads\/2021\/09\/Tevin-Harris-150x150.jpg 150w, https:\/\/caecilia-wernau.de\/wp-content\/uploads\/2021\/09\/Tevin-Harris-75x75.jpg 75w\" sizes=\"(max-width: 400px) 100vw, 400px\" \/><\/figure>\n<\/div>\n\n\n<h3 class=\"has-text-align-center wp-block-heading\">H\u00e4swart <br>-Tevin Harris-<\/h3>\n\n\n\n<p class=\"has-text-align-center\"><strong>-Gin-Tevin<\/strong>&#8211;<\/p>\n\n\n\n<p class=\"has-text-align-center\">Ich bin ein: <\/p>\n\n\n\n<p class=\"has-text-align-center\">&#8211;<strong>Wolf-<\/strong><\/p>\n\n\n\n<p class=\"has-text-align-center\">In der Maskengruppe bin ich seit:<\/p>\n\n\n\n<p class=\"has-text-align-center\">&#8211;<strong>2015-<\/strong><\/p>\n\n\n\n<p class=\"has-text-align-center\">Im Vorstand der Maskengruppe bin ich seit:<\/p>\n\n\n\n<p class=\"has-text-align-center\">&#8211;<strong>2017-<\/strong><\/p>\n\n\n\n<p class=\"has-text-align-center\">Ich bin Mitglied der Maskengruppe, weil:<\/p>\n\n\n\n<p class=\"has-text-align-center\">&#8211; <strong>Fasnetsverr\u00fcckt<\/strong><\/p>\n\n\n\n<p class=\"has-text-align-center\">&#8211; <strong>Zusammenhalt ist mir wichtig<\/strong><\/p>\n\n\n\n<p class=\"has-text-align-center\">&#8211; <strong>Tolle Gruppe<\/strong><\/p>\n\n\n\n<p class=\"has-text-align-center\">&#8211; <strong>Feiern bis zum Morgengrauen \ud83d\ude42 <\/strong><\/p>\n<\/div>\n\n\n\n<div class=\"wp-block-column is-layout-flow wp-block-column-is-layout-flow\"><div class=\"wp-block-image\">\n<figure class=\"aligncenter size-full is-resized\"><img loading=\"lazy\" decoding=\"async\" src=\"https:\/\/caecilia-wernau.de\/wp-content\/uploads\/2023\/01\/2.jpg\" alt=\"\" class=\"wp-image-412\" width=\"280\" height=\"374\" srcset=\"https:\/\/caecilia-wernau.de\/wp-content\/uploads\/2023\/01\/2.jpg 768w, https:\/\/caecilia-wernau.de\/wp-content\/uploads\/2023\/01\/2-225x300.jpg 225w\" sizes=\"(max-width: 280px) 100vw, 280px\" \/><\/figure>\n<\/div>\n\n\n<h3 class=\"has-text-align-center wp-block-heading\">Schriftf\u00fchrer<br>-Florian Wolf-<\/h3>\n\n\n\n<p class=\"has-text-align-center\"><strong>-FloWo-<\/strong><\/p>\n\n\n\n<p class=\"has-text-align-center\">Ich bin ein:<\/p>\n\n\n\n<p class=\"has-text-align-center\"><strong>-Wolf und das seit der Geburt-<\/strong><\/p>\n\n\n\n<p class=\"has-text-align-center\">In der Maskengruppe bin ich seit:<\/p>\n\n\n\n<p class=\"has-text-align-center\"><strong>-1999-<\/strong><\/p>\n\n\n\n<p class=\"has-text-align-center\">Im Vorstand der Maskengruppe bin ich wieder seit:<\/p>\n\n\n\n<p class=\"has-text-align-center\"><strong>-2022-<\/strong><\/p>\n\n\n\n<p class=\"has-text-align-center\">Ich bin Mitglied der Maskengruppe, weil:<\/p>\n\n\n\n<p class=\"has-text-align-center\">&#8211; <strong>Mein Vater mich schon in jungen Jahren mit auf die Umz\u00fcge der Maskengruppe genommen hat.<\/strong><\/p>\n\n\n\n<p class=\"has-text-align-center\">&#8211; <strong>Ich die Fasnet rund um unseren Verein liebe.<\/strong><\/p>\n\n\n\n<p class=\"has-text-align-center\">&#8211; <strong>Ich nicht nur die Fasnet gut finde, sondern mich auch gerne an allen anderen Aufgaben und Aktivit\u00e4ten unter dem Jahr mit einbringe und Spa\u00df daran habe.<\/strong><\/p>\n<\/div>\n<\/div>\n\n\n\n<div class=\"wp-block-columns is-layout-flex wp-container-core-columns-is-layout-28f84493 wp-block-columns-is-layout-flex\">\n<div class=\"wp-block-column is-layout-flow wp-block-column-is-layout-flow\"><div class=\"wp-block-image\">\n<figure class=\"aligncenter size-full\"><img loading=\"lazy\" decoding=\"async\" width=\"400\" height=\"400\" src=\"https:\/\/caecilia-wernau.de\/wp-content\/uploads\/2021\/09\/Steffi-Hepp.jpg\" alt=\"\" class=\"wp-image-123\" srcset=\"https:\/\/caecilia-wernau.de\/wp-content\/uploads\/2021\/09\/Steffi-Hepp.jpg 400w, https:\/\/caecilia-wernau.de\/wp-content\/uploads\/2021\/09\/Steffi-Hepp-300x300.jpg 300w, https:\/\/caecilia-wernau.de\/wp-content\/uploads\/2021\/09\/Steffi-Hepp-150x150.jpg 150w, https:\/\/caecilia-wernau.de\/wp-content\/uploads\/2021\/09\/Steffi-Hepp-75x75.jpg 75w\" sizes=\"(max-width: 400px) 100vw, 400px\" \/><\/figure>\n<\/div>\n\n\n<h3 class=\"has-text-align-center wp-block-heading\">Beirat<br>-Stefanie Orzechowski-<\/h3>\n\n\n\n<p class=\"has-text-align-center\"><strong>-Steffi-<\/strong><\/p>\n\n\n\n<p class=\"has-text-align-center\">Ich bin ein: <\/p>\n\n\n\n<p class=\"has-text-align-center\">&#8211;<strong>Sulzhaum\u00e4nnchen aus Leidenschaft-<\/strong><\/p>\n\n\n\n<p class=\"has-text-align-center\">In der Maskengruppe bin ich seit:<\/p>\n\n\n\n<p class=\"has-text-align-center\"><strong>-2010-<\/strong><\/p>\n\n\n\n<p class=\"has-text-align-center\">Im Vorstand der Maskengruppe bin ich seit:<\/p>\n\n\n\n<p class=\"has-text-align-center\"><strong>-2013-<\/strong><\/p>\n\n\n\n<p class=\"has-text-align-center\">Ich bin Mitglied der Maskengruppe, weil:<\/p>\n\n\n\n<p class=\"has-text-align-center\"><strong>Die Maskengruppe C\u00e4cilia ist einfach super, genialer Verein. Das Famili\u00e4re gef\u00e4llt mir bei uns am meisten. Ob alt oder jung, bei uns wird gefeiert von morgens bis abends. Freue mich das ganze Jahr auf die 5. Jahreszeit, endlich den Kindern eine Freude bereiten, die Bonbons verteilen und an den Umz\u00fcgen mit den Vereinsmitgliedern einfach nur Spa\u00df haben und genie\u00dfen.<br>Jedoch macht es mir auch au\u00dferhalb der Fasnet genauso viel Spa\u00df. Am 1.Mai, an unserem j\u00e4hrlichen Sommerfest oder auch den Kuchen und Kaffee Verkauf in unserem Vereinsheim \u00fcbernehmen.<br>Was mir aber am meisten bei uns gef\u00e4llt: Jeder passt auf den Anderen auf, egal ob jung oder alt, genau das macht unseren Verein aus und ich bin stolz darauf bei der Maskengruppe C\u00e4cilia zu sein.<\/strong><\/p>\n<\/div>\n\n\n\n<div class=\"wp-block-column is-layout-flow wp-block-column-is-layout-flow\"><div class=\"wp-block-image\">\n<figure class=\"aligncenter size-full\"><img loading=\"lazy\" decoding=\"async\" width=\"400\" height=\"400\" src=\"https:\/\/caecilia-wernau.de\/wp-content\/uploads\/2021\/09\/Juergen-Hepp.jpg\" alt=\"\" class=\"wp-image-124\" srcset=\"https:\/\/caecilia-wernau.de\/wp-content\/uploads\/2021\/09\/Juergen-Hepp.jpg 400w, https:\/\/caecilia-wernau.de\/wp-content\/uploads\/2021\/09\/Juergen-Hepp-300x300.jpg 300w, https:\/\/caecilia-wernau.de\/wp-content\/uploads\/2021\/09\/Juergen-Hepp-150x150.jpg 150w, https:\/\/caecilia-wernau.de\/wp-content\/uploads\/2021\/09\/Juergen-Hepp-75x75.jpg 75w\" sizes=\"(max-width: 400px) 100vw, 400px\" \/><\/figure>\n<\/div>\n\n\n<h3 class=\"has-text-align-center wp-block-heading\">Beirat <br>-J\u00fcrgen Hepp-<\/h3>\n\n\n\n<p><\/p>\n\n\n\n<p class=\"has-text-align-center\">Ich bin ein:<\/p>\n\n\n\n<p class=\"has-text-align-center\">&#8211;<strong>Sulzhaum\u00e4nnchen und bleib`s au-<\/strong><\/p>\n\n\n\n<p class=\"has-text-align-center\">In der Maskengruppe bin ich seit:<\/p>\n\n\n\n<p class=\"has-text-align-center\"><strong>-2008-<\/strong><\/p>\n\n\n\n<p class=\"has-text-align-center\">Im Vorstand der Maskengruppe bin ich seit:<\/p>\n\n\n\n<p class=\"has-text-align-center\"><strong>-2013-<\/strong><\/p>\n\n\n\n<p class=\"has-text-align-center\">Ich bin Mitglied der Maskengruppe, weil:<\/p>\n\n\n\n<p class=\"has-text-align-center\"><strong>&#8211; Famili\u00e4rer Verein<\/strong><\/p>\n\n\n\n<p class=\"has-text-align-center\"><strong>&#8211; Gute Truppe!<\/strong><\/p>\n<\/div>\n<\/div>\n\n\n\n<div class=\"wp-block-columns is-layout-flex wp-container-core-columns-is-layout-28f84493 wp-block-columns-is-layout-flex\">\n<div class=\"wp-block-column is-layout-flow wp-block-column-is-layout-flow\"><div class=\"wp-block-image\">\n<figure class=\"aligncenter size-full is-resized\"><img loading=\"lazy\" decoding=\"async\" src=\"https:\/\/caecilia-wernau.de\/wp-content\/uploads\/2023\/01\/69626a2e-2076-4d1a-aa7c-10e9bd7968fb.jpeg\" alt=\"\" class=\"wp-image-431\" width=\"367\" height=\"488\" srcset=\"https:\/\/caecilia-wernau.de\/wp-content\/uploads\/2023\/01\/69626a2e-2076-4d1a-aa7c-10e9bd7968fb.jpeg 768w, https:\/\/caecilia-wernau.de\/wp-content\/uploads\/2023\/01\/69626a2e-2076-4d1a-aa7c-10e9bd7968fb-225x300.jpeg 225w\" sizes=\"(max-width: 367px) 100vw, 367px\" \/><\/figure>\n<\/div>\n\n\n<h3 class=\"has-text-align-center wp-block-heading\">Beirat<br>-Heiko Hennings-<\/h3>\n\n\n\n<p class=\"has-text-align-center\">Ich bin ein:<\/p>\n\n\n\n<p class=\"has-text-align-center\"><strong>Wolf und Vollzeitnarr.<\/strong> <strong>Ich werde nur ernst genommen, wenn sich der Ton \u00e4ndert und dann ist es wirklich ernst!<\/strong><\/p>\n\n\n\n<p class=\"has-text-align-center\">In der Maskengruppe bin ich seit: <\/p>\n\n\n\n<p class=\"has-text-align-center\">&#8211;<strong>1996-<\/strong><\/p>\n\n\n\n<p class=\"has-text-align-center\">Im Vorstand der Maskengruppe bin ich wieder seit: <\/p>\n\n\n\n<p class=\"has-text-align-center\">&#8211;<strong>2021-<\/strong><\/p>\n\n\n\n<p class=\"has-text-align-center\">Ich bin Mitglied der Maskengruppe, weil:<\/p>\n\n\n\n<p class=\"has-text-align-center\"><strong>&#8211; <strong>Ich durch meinen Vater als Kind die Freude zur Fasnet entdeckt habe.<\/strong><\/strong><\/p>\n\n\n\n<p class=\"has-text-align-center\"><\/p>\n\n\n\n<p class=\"has-text-align-center\"><\/p>\n<\/div>\n\n\n\n<div class=\"wp-block-column is-layout-flow wp-block-column-is-layout-flow\"><\/div>\n<\/div>\n\n\n\n<p><\/p>\n","protected":false},"excerpt":{"rendered":"<p>Gruppensprecher-Benjamin Schulz- Ich bin ein: &#8211;Wolf- In der Maskengruppe bin ich seit: &#8211;2013- Im Vorstand der Maskengruppe bin ich seit: &#8211;2021- Ich bin Mitglied der Maskengruppe, weil: Mich das famili\u00e4re miteinander von Anfang an beeindruckt hat, man hat ein spannendes Vereinsleben&#8230; vom Spa\u00df an der Fasnet im H\u00e4s und Schabernack bis hinzu diversen Aufgaben im Vereinsleben, wie z.B. Mitwirken am Sommer- oder Maifest. Kassiererin-Sandra Hoyler- Ich bin ein: &#8211;Wolf- In der Maskengruppe bin ich seit: &#8211;2019- Im Vorstand der Maskengruppe bin ich seit: &#8211;2022- Ich bin Mitglied der Maskengruppe weil: Ich ab der ersten Begegnung mit der Gruppe beeindruckt war! Die Freude am Miteinander, sei es das gemeinsame Feiern aber auch der Zusammenhalt unter dem Jahr und auch in der 5. Jahreszeit ist es ein geschlossener und herzlicher Haufen, wo jeder aufeinander aufpasst, miteinander feiert und a scheene Zeit gmeinsam hodd H\u00e4swart -Tevin Harris- -Gin-Tevin&#8211; Ich bin ein: &#8211;Wolf- In der Maskengruppe bin ich seit: &#8211;2015- Im Vorstand der Maskengruppe bin ich seit: &#8211;2017- Ich bin Mitglied der Maskengruppe, weil: &#8211; Fasnetsverr\u00fcckt &#8211; Zusammenhalt ist mir wichtig &#8211; Tolle Gruppe &#8211; Feiern bis zum Morgengrauen \ud83d\ude42 Schriftf\u00fchrer-Florian Wolf- -FloWo- Ich bin ein: -Wolf und das seit der Geburt- In der Maskengruppe bin ich seit: -1999- Im Vorstand der Maskengruppe bin ich wieder seit: -2022- Ich bin Mitglied der Maskengruppe, weil: &#8211; Mein Vater mich schon in jungen Jahren mit auf die Umz\u00fcge der Maskengruppe genommen hat. &#8211; Ich die Fasnet rund um unseren Verein liebe. &#8211; Ich nicht nur die Fasnet gut finde, sondern mich auch gerne an allen anderen Aufgaben und Aktivit\u00e4ten unter dem Jahr mit einbringe und Spa\u00df daran habe. Beirat-Stefanie Orzechowski- -Steffi- Ich bin ein: &#8211;Sulzhaum\u00e4nnchen aus Leidenschaft- In der Maskengruppe bin ich seit: -2010- Im Vorstand der Maskengruppe bin ich seit: -2013- Ich bin Mitglied der Maskengruppe, weil: Die Maskengruppe C\u00e4cilia ist einfach super, genialer Verein. Das Famili\u00e4re gef\u00e4llt mir bei uns am meisten. Ob alt oder jung, bei uns wird gefeiert von morgens bis abends. Freue mich das ganze Jahr auf die 5. Jahreszeit, endlich den Kindern eine Freude bereiten, die Bonbons verteilen und an den Umz\u00fcgen mit den Vereinsmitgliedern einfach nur Spa\u00df haben und genie\u00dfen.Jedoch macht es mir auch au\u00dferhalb der Fasnet genauso viel Spa\u00df. Am 1.Mai, an unserem j\u00e4hrlichen Sommerfest oder auch den Kuchen und Kaffee Verkauf in unserem Vereinsheim \u00fcbernehmen.Was mir aber am meisten bei uns gef\u00e4llt: Jeder passt auf den Anderen auf, egal ob jung oder alt, genau das macht unseren Verein aus und ich bin stolz darauf bei der Maskengruppe C\u00e4cilia zu sein. Beirat -J\u00fcrgen Hepp- Ich bin ein: &#8211;Sulzhaum\u00e4nnchen und bleib`s au- In der Maskengruppe bin ich seit: -2008- Im Vorstand der Maskengruppe bin ich seit: -2013- Ich bin Mitglied der Maskengruppe, weil: &#8211; Famili\u00e4rer Verein &#8211; Gute Truppe! Beirat-Heiko Hennings- Ich bin ein: Wolf und Vollzeitnarr. Ich werde nur ernst genommen, wenn sich der Ton \u00e4ndert und dann ist es wirklich ernst! In der Maskengruppe bin ich seit: &#8211;1996- Im Vorstand der Maskengruppe bin ich wieder seit: &#8211;2021- Ich bin Mitglied der Maskengruppe, weil: &#8211; Ich durch meinen Vater als Kind die Freude zur Fasnet entdeckt habe.<\/p>\n","protected":false},"author":1,"featured_media":0,"parent":0,"menu_order":0,"comment_status":"closed","ping_status":"closed","template":"","meta":{"footnotes":""},"class_list":["post-59","page","type-page","status-publish","hentry"],"_links":{"self":[{"href":"https:\/\/caecilia-wernau.de\/index.php\/wp-json\/wp\/v2\/pages\/59","targetHints":{"allow":["GET"]}}],"collection":[{"href":"https:\/\/caecilia-wernau.de\/index.php\/wp-json\/wp\/v2\/pages"}],"about":[{"href":"https:\/\/caecilia-wernau.de\/index.php\/wp-json\/wp\/v2\/types\/page"}],"author":[{"embeddable":true,"href":"https:\/\/caecilia-wernau.de\/index.php\/wp-json\/wp\/v2\/users\/1"}],"replies":[{"embeddable":true,"href":"https:\/\/caecilia-wernau.de\/index.php\/wp-json\/wp\/v2\/comments?post=59"}],"version-history":[{"count":24,"href":"https:\/\/caecilia-wernau.de\/index.php\/wp-json\/wp\/v2\/pages\/59\/revisions"}],"predecessor-version":[{"id":432,"href":"https:\/\/caecilia-wernau.de\/index.php\/wp-json\/wp\/v2\/pages\/59\/revisions\/432"}],"wp:attachment":[{"href":"https:\/\/caecilia-wernau.de\/index.php\/wp-json\/wp\/v2\/media?parent=59"}],"curies":[{"name":"wp","href":"https:\/\/api.w.org\/{rel}","templated":true}]}}